{"id":2095,"date":"2018-09-15T11:20:17","date_gmt":"2018-09-15T11:20:17","guid":{"rendered":"http:\/\/lyl-biotic.com\/studies-expert-opinions\/"},"modified":"2018-10-04T09:22:56","modified_gmt":"2018-10-04T09:22:56","slug":"studies-expert-opinions","status":"publish","type":"page","link":"https:\/\/lyl-biotic.com\/lv\/studies-expert-opinions\/","title":{"rendered":"P\u0112T\u012aJUMI UN EKSPERTU VIEDOK\u013bI"},"content":{"rendered":"","protected":false},"excerpt":{"rendered":"","protected":false},"author":1,"featured_media":0,"parent":0,"menu_order":0,"comment_status":"closed","ping_status":"closed","template":"","meta":[],"_links":{"self":[{"href":"https:\/\/lyl-biotic.com\/lv\/wp-json\/wp\/v2\/pages\/2095\/"}],"collection":[{"href":"https:\/\/lyl-biotic.com\/lv\/wp-json\/wp\/v2\/pages\/"}],"about":[{"href":"https:\/\/lyl-biotic.com\/lv\/wp-json\/wp\/v2\/types\/page\/"}],"author":[{"embeddable":true,"href":"https:\/\/lyl-biotic.com\/lv\/wp-json\/wp\/v2\/users\/1\/"}],"replies":[{"embeddable":true,"href":"https:\/\/lyl-biotic.com\/lv\/wp-json\/wp\/v2\/comments\/?post=2095"}],"version-history":[{"count":3,"href":"https:\/\/lyl-biotic.com\/lv\/wp-json\/wp\/v2\/pages\/2095\/revisions\/"}],"predecessor-version":[{"id":2329,"href":"https:\/\/lyl-biotic.com\/lv\/wp-json\/wp\/v2\/pages\/2095\/revisions\/2329\/"}],"wp:attachment":[{"href":"https:\/\/lyl-biotic.com\/lv\/wp-json\/wp\/v2\/media\/?parent=2095"}],"curies":[{"name":"wp","href":"https:\/\/api.w.org\/{rel}","templated":true}]}}